{"id":38,"date":"2019-10-31T23:04:19","date_gmt":"2019-10-31T22:04:19","guid":{"rendered":"http:\/\/latin-jazz-hannover.de\/?page_id=38"},"modified":"2020-03-15T20:55:23","modified_gmt":"2020-03-15T19:55:23","slug":"startseite","status":"publish","type":"page","link":"https:\/\/latin-jazz-hannover.de\/","title":{"rendered":"Herzlich willkommen!"},"content":{"rendered":"<p>Die Latin Jazz Initiative Hannover ist ein gemeinn\u00fctziger Verein mit Sitz in der Region Hannover. Die Initiative dient der Kulturf\u00f6rderung im Bereich von Latin Jazz und afrokubanischer Musik.<\/p>\n<p>Die Initiative macht es sich zur Aufgabe, zur Gestaltung des \u00f6ffentlichen Kulturlebens in der <a href=\"https:\/\/www.hannover.de\/\">Region Hannover<\/a> und dar\u00fcber hinaus beizutragen.<\/p>\n<p>Gerne informieren wir Sie detailliert \u00fcber unsere Projekte und Ziele.<\/p>\n<p>Am besten erreichen Sie uns \u00fcber das Kontaktformular unten auf der Seite.<\/p>\n\n\n<p><\/p>\n","protected":false},"excerpt":{"rendered":"<p>Die Latin Jazz Initiative Hannover ist ein gemeinn\u00fctziger Verein mit Sitz in der Region Hannover. Die Initiative dient der Kulturf\u00f6rderung im Bereich von Latin Jazz und afrokubanischer Musik. Die Initiative macht es sich zur Aufgabe, zur Gestaltung des \u00f6ffentlichen Kulturlebens in der Region Hannover und dar\u00fcber hinaus beizutragen. Gerne informieren wir Sie detailliert \u00fcber unsere &hellip; <\/p>\n<p class=\"link-more\"><a href=\"https:\/\/latin-jazz-hannover.de\/\" class=\"more-link\"><span class=\"screen-reader-text\">\u201eHerzlich willkommen!\u201c <\/span>weiterlesen<\/a><\/p>\n","protected":false},"author":1,"featured_media":0,"parent":0,"menu_order":0,"comment_status":"closed","ping_status":"closed","template":"","meta":{"footnotes":""},"class_list":["post-38","page","type-page","status-publish","hentry"],"_links":{"self":[{"href":"https:\/\/latin-jazz-hannover.de\/index.php\/wp-json\/wp\/v2\/pages\/38","targetHints":{"allow":["GET"]}}],"collection":[{"href":"https:\/\/latin-jazz-hannover.de\/index.php\/wp-json\/wp\/v2\/pages"}],"about":[{"href":"https:\/\/latin-jazz-hannover.de\/index.php\/wp-json\/wp\/v2\/types\/page"}],"author":[{"embeddable":true,"href":"https:\/\/latin-jazz-hannover.de\/index.php\/wp-json\/wp\/v2\/users\/1"}],"replies":[{"embeddable":true,"href":"https:\/\/latin-jazz-hannover.de\/index.php\/wp-json\/wp\/v2\/comments?post=38"}],"version-history":[{"count":5,"href":"https:\/\/latin-jazz-hannover.de\/index.php\/wp-json\/wp\/v2\/pages\/38\/revisions"}],"predecessor-version":[{"id":109,"href":"https:\/\/latin-jazz-hannover.de\/index.php\/wp-json\/wp\/v2\/pages\/38\/revisions\/109"}],"wp:attachment":[{"href":"https:\/\/latin-jazz-hannover.de\/index.php\/wp-json\/wp\/v2\/media?parent=38"}],"curies":[{"name":"wp","href":"https:\/\/api.w.org\/{rel}","templated":true}]}}