{"id":42,"date":"2019-10-31T23:04:19","date_gmt":"2019-10-31T22:04:19","guid":{"rendered":"http:\/\/latin-jazz-hannover.de\/?page_id=42"},"modified":"2020-03-15T20:53:56","modified_gmt":"2020-03-15T19:53:56","slug":"ziele","status":"publish","type":"page","link":"https:\/\/latin-jazz-hannover.de\/index.php\/ziele\/","title":{"rendered":"Ziele des Vereins"},"content":{"rendered":"<p>Die Latin Jazz Initiative Hannover verfolgt ausschlie\u00dflich und unmittelbar gemeinn\u00fctzige Zwecke i. S. d. Abschnitts &#8222;Steuerbeg\u00fcnstigte Zwecke&#8220; der Abgabenordnung.<\/p>\n<p>Zweck des Vereins ist die F\u00f6rderung von Kunst und Kultur. Der Satzungszweck wird insbesondere verwirklicht durch die Beschaffung von Mitteln f\u00fcr die F\u00f6rderung dieser Zwecke durch eine andere steuerbeg\u00fcnstigte K\u00f6rperschaft oder eine K\u00f6rperschaft des \u00f6ffentlichen Rechts. Daneben kann der Verein seinen F\u00f6rderzweck auch unmittelbar selbst verwirklichen durch:<\/p>\n<ul>\n<li>Pflege von Latin Jazz und afrokubanischer Musik im norddeutschen Raum<\/li>\n<li>Aufrechterhaltung und Weiterentwicklung der Latin Big Band \u201eLABIBA\u201c, Region Hannover und anderer Bandprojekte<\/li>\n<li>Bereitstellung und Unterhalt von Probenr\u00e4umen f\u00fcr Bandprojekte mit Ausrichtung Latin Jazz und afrokubanische Musik<\/li>\n<li>Erstellung bzw. Beschaffung von Noten-Arrangements und Kompositionen<\/li>\n<li>Unterst\u00fctzung der Probenarbeit auch durch professionelle k\u00fcnstlerische Leiter, soweit angemessen (Ma\u00dfstab der Verg\u00fctung der k\u00fcnstlerischen Leiter ist die gemeinn\u00fctzige &nbsp;Zielsetzung des Vereins)<\/li>\n<li>Organisation und Durchf\u00fchrung von Workshops<\/li>\n<li>Unterst\u00fctzung der Workshops durch professionelle Dozenten, soweit angemessen (Ma\u00dfstab der Verg\u00fctung der Dozenten ist die gemeinn\u00fctzige&nbsp; Zielsetzung des Vereins)<\/li>\n<li>Organisation und Durchf\u00fchrung von Konzerten und Festivals<\/li>\n<li>Teilnahme an musikalischen Wettbewerben<\/li>\n<li>Organisation und Durchf\u00fchrung von Video-, Bild- und Tonaufnahmen<\/li>\n<li>Organisation und Durchf\u00fchrung von \u00d6ffentlichkeitsarbeit inkl. Internetpr\u00e4senz und Pressearbeit<\/li>\n<li>Beschaffung und Unterhalt von Ton-, Licht- und B\u00fchnentechnik, soweit angemessen (Ma\u00dfstab der Anschaffungen ist die gemeinn\u00fctzige&nbsp; Zielsetzung des Vereins)<\/li>\n<li>Beschaffung und Unterhalt von Musikinstrumenten, soweit angemessen (Ma\u00dfstab der Anschaffungen ist die gemeinn\u00fctzige&nbsp; Zielsetzung des Vereins)<\/li>\n<li>Organisation und Durchf\u00fchrung von Veranstaltungen zur F\u00f6rderung des interkulturellen Dialogs<\/li>\n<li>F\u00f6rderung der kulturellen Bildung von Kindern, Jugendlichen und Erwachsenen&nbsp;<\/li>\n<\/ul>\n\n\n<p><\/p>\n","protected":false},"excerpt":{"rendered":"<p>Die Latin Jazz Initiative Hannover verfolgt ausschlie\u00dflich und unmittelbar gemeinn\u00fctzige Zwecke i. S. d. Abschnitts &#8222;Steuerbeg\u00fcnstigte Zwecke&#8220; der Abgabenordnung. Zweck des Vereins ist die F\u00f6rderung von Kunst und Kultur. Der Satzungszweck wird insbesondere verwirklicht durch die Beschaffung von Mitteln f\u00fcr die F\u00f6rderung dieser Zwecke durch eine andere steuerbeg\u00fcnstigte K\u00f6rperschaft oder eine K\u00f6rperschaft des \u00f6ffentlichen Rechts. &hellip; <\/p>\n<p class=\"link-more\"><a href=\"https:\/\/latin-jazz-hannover.de\/index.php\/ziele\/\" class=\"more-link\"><span class=\"screen-reader-text\">\u201eZiele des Vereins\u201c <\/span>weiterlesen<\/a><\/p>\n","protected":false},"author":1,"featured_media":46,"parent":0,"menu_order":0,"comment_status":"closed","ping_status":"closed","template":"","meta":{"footnotes":""},"class_list":["post-42","page","type-page","status-publish","has-post-thumbnail","hentry"],"_links":{"self":[{"href":"https:\/\/latin-jazz-hannover.de\/index.php\/wp-json\/wp\/v2\/pages\/42","targetHints":{"allow":["GET"]}}],"collection":[{"href":"https:\/\/latin-jazz-hannover.de\/index.php\/wp-json\/wp\/v2\/pages"}],"about":[{"href":"https:\/\/latin-jazz-hannover.de\/index.php\/wp-json\/wp\/v2\/types\/page"}],"author":[{"embeddable":true,"href":"https:\/\/latin-jazz-hannover.de\/index.php\/wp-json\/wp\/v2\/users\/1"}],"replies":[{"embeddable":true,"href":"https:\/\/latin-jazz-hannover.de\/index.php\/wp-json\/wp\/v2\/comments?post=42"}],"version-history":[{"count":7,"href":"https:\/\/latin-jazz-hannover.de\/index.php\/wp-json\/wp\/v2\/pages\/42\/revisions"}],"predecessor-version":[{"id":108,"href":"https:\/\/latin-jazz-hannover.de\/index.php\/wp-json\/wp\/v2\/pages\/42\/revisions\/108"}],"wp:featuredmedia":[{"embeddable":true,"href":"https:\/\/latin-jazz-hannover.de\/index.php\/wp-json\/wp\/v2\/media\/46"}],"wp:attachment":[{"href":"https:\/\/latin-jazz-hannover.de\/index.php\/wp-json\/wp\/v2\/media?parent=42"}],"curies":[{"name":"wp","href":"https:\/\/api.w.org\/{rel}","templated":true}]}}